{"id":45,"date":"2026-02-04T12:41:54","date_gmt":"2026-02-04T12:41:54","guid":{"rendered":"https:\/\/turunmustemessu.fi\/?page_id=45"},"modified":"2026-04-21T13:48:58","modified_gmt":"2026-04-21T13:48:58","slug":"info","status":"publish","type":"page","link":"https:\/\/turunmustemessu.fi\/?page_id=45","title":{"rendered":"INFO"},"content":{"rendered":"\n<h1 class=\"wp-block-heading has-text-align-center\">Lis\u00e4tiedot TAPAHTUMASTA<\/h1>\n\n\n\n<div class=\"wp-block-group has-global-padding is-layout-constrained wp-block-group-is-layout-constrained\">\n<p class=\"has-text-align-center\" id=\"kavijat\"><\/p>\n\n\n\n<div class=\"wp-block-group has-global-padding is-layout-constrained wp-block-group-is-layout-constrained\">\n<h3 class=\"wp-block-heading has-text-align-center\">PAIKKA, AIKA JA LIPUT<\/h3>\n\n\n\n<p class=\"has-text-align-center\"><strong>Kulttuuritalo Fuusio<\/strong><\/p>\n\n\n\n<p class=\"has-text-align-center\">K\u00e4yt\u00f6ss\u00e4 koko Livesali (3. krs) ja Level 2 (2. krs).<\/p>\n\n\n\n<p class=\"has-text-align-center\">Tapahtuma on ik\u00e4rajallinen. K-18.<\/p>\n\n\n\n<p class=\"has-text-align-center\">Avoinna:<br>Pe 24.4. klo 17-23  (tatuointia klo 22 asti)<br>La 25.4. klo 12-23 (tatuointia klo 22 asti)<\/p>\n\n\n\n<p class=\"has-text-align-center\">Liput ennakkoon:<br>2pv 20\u20ac (ovelta 25\u20ac)<br>pe 10\u20ac (ovelta 12\u20ac)<br>la 15\u20ac (ovelta 17\u20ac)<br>+ palvelumaksut<\/p>\n\n\n\n<p class=\"has-text-align-center\">Ennakot:<br>BILETTI &#8211;&nbsp;<a href=\"https:\/\/biletti.fi\/e\/turun-mustemessu-livesali-level-2?fbclid=IwZXh0bgNhZW0CMTAAYnJpZBExNUZhSU5PbkhHS1ZSckRwcHNydGMGYXBwX2lkEDIyMjAzOTE3ODgyMDA4OTIAAR6kJy_1XnPTn3tcfPpXUk0EtO5ECCptcjvA7ftj5WqV_Jw7Y4NzNYWWyPeI3Q_aem_hk0WsC3ih5C1_P4p7TAYtQ\" rel=\"noreferrer noopener\" target=\"_blank\">https:\/\/biletti.fi\/e\/turun-mustemessu-livesali-level-2<\/a><\/p>\n\n\n\n<p class=\"has-text-align-center\">CLUBY<br>2pv-&nbsp;<a href=\"https:\/\/cluby.com\/fuusio\/events\/turun-mustemessu-2pv-lippu\/44o8no5?fbclid=IwZXh0bgNhZW0CMTAAYnJpZBExNUZhSU5PbkhHS1ZSckRwcHNydGMGYXBwX2lkEDIyMjAzOTE3ODgyMDA4OTIAAR5mkAdK8xONBtGLSbxje0-3tDplinX-NGYVRrSoAc8_wvXgb9lEvXBn3plRZA_aem_ZmFrZWR1bW15MTZieXRlcw\" rel=\"noreferrer noopener\" target=\"_blank\">https:\/\/cluby.com\/&#8230;\/turun-mustemessu-2pv-lippu\/44o8no5<\/a><br>PE &#8211;&nbsp;<a href=\"https:\/\/l.facebook.com\/l.php?u=https%3A%2F%2Fcluby.com%2Ffuusio%2Fevents%2Fturun-mustemessu-pe-lippu%2Frpxw1k3%3Ffbclid%3DIwZXh0bgNhZW0CMTAAYnJpZBExNUZhSU5PbkhHS1ZSckRwcHNydGMGYXBwX2lkEDIyMjAzOTE3ODgyMDA4OTIAAR66D_hawv3A3FTTWzgru9sp1YTt50s4JvahqZmeESU4lhD3jdqd1OX75G5izg_aem_YK4apyyhLBw7RObi733Lug&amp;h=AT3aNTr1S0k2Lg6yWvf81AZSh5BA-5pUCSEJSh8MPGgv7O64sq1fvPT42FLp7iEqQks3_subPbssPmZbZqRI9ovEGxl_QaSPVbLa3C97o58HQjKF8i9iO3GozeWWzQzEt6zfN4KnFo98nw&amp;__tn__=q&amp;c[0]=AT2efxP2gB3rQMeUvKp_WuP2V_YV75mnsdGLjudWDMjj4UnQfWHHC4NQZbDhlMbtiOGZr4xKfykLtXfp1yIciRZJMpUVEFOT81ZIVy3TrijexY6aSa9XbTCd0dEF81WuXBgmyaj1FW6SokQ9Ho-VJs2QIQgPU59Yaks\" rel=\"noreferrer noopener\" target=\"_blank\">https:\/\/cluby.com\/&#8230;\/turun-mustemessu-pe-lippu\/rpxw1k3<\/a><br>LA &#8211;&nbsp;<a href=\"https:\/\/cluby.com\/fuusio\/events\/turun-mustemessu-la-lippu\/wmlv8km?fbclid=IwZXh0bgNhZW0CMTAAYnJpZBExNUZhSU5PbkhHS1ZSckRwcHNydGMGYXBwX2lkEDIyMjAzOTE3ODgyMDA4OTIAAR62IexuktC54QcPgHtk9UQdS_mi7r90kweY4CHhLNBJuFSWvz77Qr1oii5eAQ_aem_sT3goRReKdNBjXAzt7CrFw\" rel=\"noreferrer noopener\" target=\"_blank\">https:\/\/cluby.com\/&#8230;\/turun-mustemessu-la-lippu\/wmlv8km<\/a><\/p>\n\n\n\n<p class=\"has-text-align-center\">Narikka isoille laukuille ja ulkotakeille 3,50\u20ac\/p\u00e4iv\u00e4.<br>Fuusion j\u00e4senkortilla ilmainen narikka.<br>Liity j\u00e4seneksi t\u00e4\u00e4ll\u00e4:&nbsp;<a href=\"https:\/\/fuusioturku.fi\/osallistu\/?fbclid=IwZXh0bgNhZW0CMTAAYnJpZBExNUZhSU5PbkhHS1ZSckRwcHNydGMGYXBwX2lkEDIyMjAzOTE3ODgyMDA4OTIAAR6kJy_1XnPTn3tcfPpXUk0EtO5ECCptcjvA7ftj5WqV_Jw7Y4NzNYWWyPeI3Q_aem_hk0WsC3ih5C1_P4p7TAYtQ\" target=\"_blank\" rel=\"noreferrer noopener\">https:\/\/fuusioturku.fi\/osallistu\/<\/a>&nbsp;<\/p>\n<\/div>\n\n\n\n<div class=\"wp-block-group has-global-padding is-layout-constrained wp-block-group-is-layout-constrained\" style=\"padding-top:var(--wp--preset--spacing--40);padding-bottom:var(--wp--preset--spacing--40)\">\n<h3 class=\"wp-block-heading has-text-align-center\">L\u00c4VISTYKSET<\/h3>\n\n\n\n<p class=\"has-text-align-center\">Paikalla on l\u00e4vist\u00e4j\u00e4n\u00e4 Pata Tattoon Tintti Viljamaa. Tintti itse kertoo lis\u00e4\u00e4:<\/p>\n\n\n\n<p class=\"has-text-align-center\">&#8221;En tingi kiireett\u00f6myyden tunteesta, sill\u00e4 l\u00e4vistysty\u00f6 on k\u00e4sity\u00f6t\u00e4, ei liukuhihnaa, ja jotta hygienian taso vastaa studio-olosuhteita my\u00f6s tapahtumissa. L\u00e4vistett\u00e4v\u00e4n mukavuus ja turvallisuus on mulle ensisijaisen t\u00e4rke\u00e4\u00e4.&nbsp;<\/p>\n\n\n\n<p class=\"has-text-align-center\">L\u00e4vistyksen hintaan kuuluu aina steriili, implanttiluokan titaania oleva sis\u00e4kierteinen peruskoru pallop\u00e4\u00e4dyll\u00e4. Koruvalikoimani on laaja ja kulkee mukanani my\u00f6s Turun Mustemessuille, joten voit valita uuteen l\u00e4vistykseesi my\u00f6s jotain aivan omann\u00e4k\u00f6ist\u00e4 \ud83d\udc8e&#8221;<\/p>\n\n\n\n<figure class=\"wp-block-image aligncenter size-full\"><img loading=\"lazy\" decoding=\"async\" width=\"1080\" height=\"1350\" src=\"https:\/\/turunmustemessu.fi\/wp-content\/uploads\/2026\/02\/tinttihinnat.jpeg\" alt=\"\" class=\"wp-image-342\" srcset=\"https:\/\/turunmustemessu.fi\/wp-content\/uploads\/2026\/02\/tinttihinnat.jpeg 1080w, https:\/\/turunmustemessu.fi\/wp-content\/uploads\/2026\/02\/tinttihinnat-240x300.jpeg 240w, https:\/\/turunmustemessu.fi\/wp-content\/uploads\/2026\/02\/tinttihinnat-819x1024.jpeg 819w, https:\/\/turunmustemessu.fi\/wp-content\/uploads\/2026\/02\/tinttihinnat-768x960.jpeg 768w\" sizes=\"auto, (max-width: 1080px) 100vw, 1080px\" \/><\/figure>\n<\/div>\n\n\n\n<div class=\"wp-block-group has-global-padding is-layout-constrained wp-block-group-is-layout-constrained\" style=\"padding-top:var(--wp--preset--spacing--40);padding-bottom:var(--wp--preset--spacing--40)\">\n<h3 class=\"wp-block-heading has-text-align-center\">TATUOINTIAIKOJEN VARAAMINEN<\/h3>\n\n\n\n<p class=\"has-text-align-center\">Messut toimivat Walk-in -periaatteella, mutta voit my\u00f6s ottaa yhteytt\u00e4 ennakkoon sinua kiinnostavaan tatuoijaan ja kysell\u00e4 mahdollista ajanvarausta.<\/p>\n<\/div>\n\n\n\n<div class=\"wp-block-group has-global-padding is-layout-constrained wp-block-group-is-layout-constrained\" style=\"padding-top:var(--wp--preset--spacing--40);padding-bottom:var(--wp--preset--spacing--40)\">\n<h3 class=\"wp-block-heading has-text-align-center\">RUOKA JA JUOMA<\/h3>\n\n\n\n<p class=\"has-text-align-center\">Fuusion baarit ovat normaalisti auki messujen ajan ja Linna Burgers &amp; Coffee tarjoilee Fuusion pihalla herkullisia burgereita.<\/p>\n\n\n\n<p class=\"has-text-align-center\">Tatuoinnin ottaminen ns. \u00e4nkyr\u00e4ss\u00e4 ei ole suotavaa, toivottavaa eik\u00e4 sallittua, mutta pari rohkaisevaa voi toki napata. <\/p>\n\n\n\n<p class=\"has-text-align-center\"><strong>&#8221;Messuilla on eri s\u00e4\u00e4nn\u00f6t.&#8221; &#8211; Uncle-Henri<\/strong><\/p>\n<\/div>\n\n\n\n<div class=\"wp-block-group has-global-padding is-layout-constrained wp-block-group-is-layout-constrained\" style=\"padding-top:var(--wp--preset--spacing--40);padding-bottom:var(--wp--preset--spacing--40)\">\n<h2 class=\"wp-block-heading has-text-align-center\">JATKOT?<\/h2>\n\n\n\n<p class=\"has-text-align-center\">Perjantaina ja Lauantaina Fuusion alakerrassa on luvassa b\u00e4ndej\u00e4. Tarkemmat tiedot <a href=\"https:\/\/fuusioturku.fi\/ohjelma\/\">Fuusion sivuilta<\/a>.<\/p>\n\n\n\n<h3 class=\"wp-block-heading has-text-align-center\">Perjantaina:<\/h3>\n\n\n\n<figure class=\"wp-block-image size-large\"><img loading=\"lazy\" decoding=\"async\" width=\"1024\" height=\"614\" src=\"https:\/\/turunmustemessu.fi\/wp-content\/uploads\/2026\/04\/de61f06a-6f37-450f-b6ab-c7bbf5f826c7-1024x614.jpg\" alt=\"\" class=\"wp-image-605\" srcset=\"https:\/\/turunmustemessu.fi\/wp-content\/uploads\/2026\/04\/de61f06a-6f37-450f-b6ab-c7bbf5f826c7-1024x614.jpg 1024w, https:\/\/turunmustemessu.fi\/wp-content\/uploads\/2026\/04\/de61f06a-6f37-450f-b6ab-c7bbf5f826c7-300x180.jpg 300w, https:\/\/turunmustemessu.fi\/wp-content\/uploads\/2026\/04\/de61f06a-6f37-450f-b6ab-c7bbf5f826c7-768x461.jpg 768w, https:\/\/turunmustemessu.fi\/wp-content\/uploads\/2026\/04\/de61f06a-6f37-450f-b6ab-c7bbf5f826c7-1536x922.jpg 1536w, https:\/\/turunmustemessu.fi\/wp-content\/uploads\/2026\/04\/de61f06a-6f37-450f-b6ab-c7bbf5f826c7.jpg 1600w\" sizes=\"auto, (max-width: 1024px) 100vw, 1024px\" \/><\/figure>\n\n\n\n<h3 class=\"wp-block-heading has-text-align-center\">Lauantaina:<\/h3>\n\n\n\n<figure class=\"wp-block-image size-large\"><img loading=\"lazy\" decoding=\"async\" width=\"1024\" height=\"614\" src=\"https:\/\/turunmustemessu.fi\/wp-content\/uploads\/2026\/04\/9d90b5bd-6ed2-4803-b018-079af28fe608-1024x614.jpg\" alt=\"\" class=\"wp-image-604\" srcset=\"https:\/\/turunmustemessu.fi\/wp-content\/uploads\/2026\/04\/9d90b5bd-6ed2-4803-b018-079af28fe608-1024x614.jpg 1024w, https:\/\/turunmustemessu.fi\/wp-content\/uploads\/2026\/04\/9d90b5bd-6ed2-4803-b018-079af28fe608-300x180.jpg 300w, https:\/\/turunmustemessu.fi\/wp-content\/uploads\/2026\/04\/9d90b5bd-6ed2-4803-b018-079af28fe608-768x461.jpg 768w, https:\/\/turunmustemessu.fi\/wp-content\/uploads\/2026\/04\/9d90b5bd-6ed2-4803-b018-079af28fe608-1536x922.jpg 1536w, https:\/\/turunmustemessu.fi\/wp-content\/uploads\/2026\/04\/9d90b5bd-6ed2-4803-b018-079af28fe608.jpg 1600w\" sizes=\"auto, (max-width: 1024px) 100vw, 1024px\" \/><\/figure>\n<\/div>\n<\/div>\n","protected":false},"excerpt":{"rendered":"<p>Lis\u00e4tiedot TAPAHTUMASTA PAIKKA, AIKA JA LIPUT Kulttuuritalo Fuusio K\u00e4yt\u00f6ss\u00e4 koko Livesali (3. krs) ja Level 2 (2. krs). Tapahtuma on ik\u00e4rajallinen. K-18. Avoinna:Pe 24.4. klo 17-23 (tatuointia klo 22 asti)La 25.4. klo 12-23 (tatuointia klo 22 asti) Liput ennakkoon:2pv 20\u20ac (ovelta 25\u20ac)pe 10\u20ac (ovelta 12\u20ac)la 15\u20ac (ovelta 17\u20ac)+ palvelumaksut Ennakot:BILETTI &#8211;&nbsp;https:\/\/biletti.fi\/e\/turun-mustemessu-livesali-level-2 CLUBY2pv-&nbsp;https:\/\/cluby.com\/&#8230;\/turun-mustemessu-2pv-lippu\/44o8no5PE &#8211;&nbsp;https:\/\/cluby.com\/&#8230;\/turun-mustemessu-pe-lippu\/rpxw1k3LA &#8211;&nbsp;https:\/\/cluby.com\/&#8230;\/turun-mustemessu-la-lippu\/wmlv8km Narikka [&hellip;]<\/p>\n","protected":false},"author":1,"featured_media":0,"parent":0,"menu_order":0,"comment_status":"closed","ping_status":"closed","template":"","meta":{"footnotes":""},"class_list":["post-45","page","type-page","status-publish","hentry"],"_links":{"self":[{"href":"https:\/\/turunmustemessu.fi\/index.php?rest_route=\/wp\/v2\/pages\/45","targetHints":{"allow":["GET"]}}],"collection":[{"href":"https:\/\/turunmustemessu.fi\/index.php?rest_route=\/wp\/v2\/pages"}],"about":[{"href":"https:\/\/turunmustemessu.fi\/index.php?rest_route=\/wp\/v2\/types\/page"}],"author":[{"embeddable":true,"href":"https:\/\/turunmustemessu.fi\/index.php?rest_route=\/wp\/v2\/users\/1"}],"replies":[{"embeddable":true,"href":"https:\/\/turunmustemessu.fi\/index.php?rest_route=%2Fwp%2Fv2%2Fcomments&post=45"}],"version-history":[{"count":18,"href":"https:\/\/turunmustemessu.fi\/index.php?rest_route=\/wp\/v2\/pages\/45\/revisions"}],"predecessor-version":[{"id":610,"href":"https:\/\/turunmustemessu.fi\/index.php?rest_route=\/wp\/v2\/pages\/45\/revisions\/610"}],"wp:attachment":[{"href":"https:\/\/turunmustemessu.fi\/index.php?rest_route=%2Fwp%2Fv2%2Fmedia&parent=45"}],"curies":[{"name":"wp","href":"https:\/\/api.w.org\/{rel}","templated":true}]}}